{"id":3620,"date":"2024-05-23T18:03:09","date_gmt":"2024-05-23T18:03:09","guid":{"rendered":"https:\/\/une.pe\/?page_id=3620"},"modified":"2024-05-23T18:28:36","modified_gmt":"2024-05-23T18:28:36","slug":"finanzas-corporativas-transacciones","status":"publish","type":"page","link":"https:\/\/une.pe\/en\/finanzas-corporativas-transacciones\/","title":{"rendered":"Corporate Finance \u2013 Transactions"},"content":{"rendered":"","protected":false},"excerpt":{"rendered":"","protected":false},"author":2,"featured_media":0,"parent":0,"menu_order":0,"comment_status":"closed","ping_status":"closed","template":"","meta":{"_acf_changed":false,"footnotes":""},"class_list":["post-3620","page","type-page","status-publish","hentry"],"acf":[],"yoast_head":"<!-- This site is optimized with the Yoast SEO Premium plugin v22.9 (Yoast SEO v22.9) - https:\/\/yoast.com\/wordpress\/plugins\/seo\/ -->\n<title>Finanzas corporativas - Transacciones | UNE<\/title>\n<meta name=\"robots\" content=\"index, follow, max-snippet:-1, max-image-preview:large, max-video-preview:-1\" \/>\n<link rel=\"canonical\" href=\"https:\/\/une.pe\/en\/finanzas-corporativas-transacciones\/\" \/>\n<meta property=\"og:locale\" content=\"en_US\" \/>\n<meta property=\"og:type\" content=\"article\" \/>\n<meta property=\"og:title\" content=\"Finanzas corporativas - Transacciones\" \/>\n<meta property=\"og:url\" content=\"https:\/\/une.pe\/en\/finanzas-corporativas-transacciones\/\" \/>\n<meta property=\"og:site_name\" content=\"UNE\" \/>\n<meta property=\"article:modified_time\" content=\"2024-05-23T18:28:36+00:00\" \/>\n<meta property=\"og:image\" content=\"https:\/\/une.pe\/wp-content\/uploads\/2024\/06\/Group-104-1.jpg\" \/>\n\t<meta property=\"og:image:width\" content=\"1200\" \/>\n\t<meta property=\"og:image:height\" content=\"675\" \/>\n\t<meta property=\"og:image:type\" content=\"image\/jpeg\" \/>\n<meta name=\"twitter:card\" content=\"summary_large_image\" \/>\n<script type=\"application\/ld+json\" class=\"yoast-schema-graph\">{\"@context\":\"https:\/\/schema.org\",\"@graph\":[{\"@type\":\"WebPage\",\"@id\":\"https:\/\/une.pe\/finanzas-corporativas-transacciones\/\",\"url\":\"https:\/\/une.pe\/finanzas-corporativas-transacciones\/\",\"name\":\"Finanzas corporativas - Transacciones | UNE\",\"isPartOf\":{\"@id\":\"https:\/\/une.pe\/#website\"},\"datePublished\":\"2024-05-23T18:03:09+00:00\",\"dateModified\":\"2024-05-23T18:28:36+00:00\",\"breadcrumb\":{\"@id\":\"https:\/\/une.pe\/finanzas-corporativas-transacciones\/#breadcrumb\"},\"inLanguage\":\"en-US\",\"potentialAction\":[{\"@type\":\"ReadAction\",\"target\":[\"https:\/\/une.pe\/finanzas-corporativas-transacciones\/\"]}]},{\"@type\":\"BreadcrumbList\",\"@id\":\"https:\/\/une.pe\/finanzas-corporativas-transacciones\/#breadcrumb\",\"itemListElement\":[{\"@type\":\"ListItem\",\"position\":1,\"name\":\"Home\",\"item\":\"https:\/\/une.pe\/\"},{\"@type\":\"ListItem\",\"position\":2,\"name\":\"Finanzas corporativas &#8211; Transacciones\"}]},{\"@type\":\"WebSite\",\"@id\":\"https:\/\/une.pe\/#website\",\"url\":\"https:\/\/une.pe\/\",\"name\":\"UNE\",\"description\":\"Compra y venta de empresas, estructuraci\u00f3n de financiamiento y asesor\u00eda de inversi\u00f3n en patrimonios familiares\",\"publisher\":{\"@id\":\"https:\/\/une.pe\/#organization\"},\"alternateName\":\"UNE Asesores Financieros\",\"potentialAction\":[{\"@type\":\"SearchAction\",\"target\":{\"@type\":\"EntryPoint\",\"urlTemplate\":\"https:\/\/une.pe\/?s={search_term_string}\"},\"query-input\":\"required name=search_term_string\"}],\"inLanguage\":\"en-US\"},{\"@type\":\"Organization\",\"@id\":\"https:\/\/une.pe\/#organization\",\"name\":\"Une Asesores Financieros\",\"alternateName\":\"UNE\",\"url\":\"https:\/\/une.pe\/\",\"logo\":{\"@type\":\"ImageObject\",\"inLanguage\":\"en-US\",\"@id\":\"https:\/\/une.pe\/#\/schema\/logo\/image\/\",\"url\":\"https:\/\/une.pe\/wp-content\/uploads\/2024\/05\/LOGO-1.svg\",\"contentUrl\":\"https:\/\/une.pe\/wp-content\/uploads\/2024\/05\/LOGO-1.svg\",\"width\":159,\"height\":48,\"caption\":\"Une Asesores Financieros\"},\"image\":{\"@id\":\"https:\/\/une.pe\/#\/schema\/logo\/image\/\"},\"sameAs\":[\"https:\/\/www.linkedin.com\/company\/une-asesores-financieros\/\"],\"description\":\"Boutique de Banca de Inversi\u00f3n especializada en finanzas corporativas y gesti\u00f3n de patrimonios familiares.\",\"email\":\"info@une.pe\",\"telephone\":\"(+01) 396 7340\"}]}<\/script>\n<!-- \/ Yoast SEO Premium plugin. -->","yoast_head_json":{"title":"Finanzas corporativas - Transacciones | UNE","robots":{"index":"index","follow":"follow","max-snippet":"max-snippet:-1","max-image-preview":"max-image-preview:large","max-video-preview":"max-video-preview:-1"},"canonical":"https:\/\/une.pe\/en\/finanzas-corporativas-transacciones\/","og_locale":"en_US","og_type":"article","og_title":"Finanzas corporativas - Transacciones","og_url":"https:\/\/une.pe\/en\/finanzas-corporativas-transacciones\/","og_site_name":"UNE","article_modified_time":"2024-05-23T18:28:36+00:00","og_image":[{"width":1200,"height":675,"url":"https:\/\/une.pe\/wp-content\/uploads\/2024\/06\/Group-104-1.jpg","type":"image\/jpeg"}],"twitter_card":"summary_large_image","schema":{"@context":"https:\/\/schema.org","@graph":[{"@type":"WebPage","@id":"https:\/\/une.pe\/finanzas-corporativas-transacciones\/","url":"https:\/\/une.pe\/finanzas-corporativas-transacciones\/","name":"Finanzas corporativas - Transacciones | UNE","isPartOf":{"@id":"https:\/\/une.pe\/#website"},"datePublished":"2024-05-23T18:03:09+00:00","dateModified":"2024-05-23T18:28:36+00:00","breadcrumb":{"@id":"https:\/\/une.pe\/finanzas-corporativas-transacciones\/#breadcrumb"},"inLanguage":"en-US","potentialAction":[{"@type":"ReadAction","target":["https:\/\/une.pe\/finanzas-corporativas-transacciones\/"]}]},{"@type":"BreadcrumbList","@id":"https:\/\/une.pe\/finanzas-corporativas-transacciones\/#breadcrumb","itemListElement":[{"@type":"ListItem","position":1,"name":"Home","item":"https:\/\/une.pe\/"},{"@type":"ListItem","position":2,"name":"Finanzas corporativas &#8211; Transacciones"}]},{"@type":"WebSite","@id":"https:\/\/une.pe\/#website","url":"https:\/\/une.pe\/","name":"UNE","description":"Compra y venta de empresas, estructuraci\u00f3n de financiamiento y asesor\u00eda de inversi\u00f3n en patrimonios familiares","publisher":{"@id":"https:\/\/une.pe\/#organization"},"alternateName":"UNE Asesores Financieros","potentialAction":[{"@type":"SearchAction","target":{"@type":"EntryPoint","urlTemplate":"https:\/\/une.pe\/?s={search_term_string}"},"query-input":"required name=search_term_string"}],"inLanguage":"en-US"},{"@type":"Organization","@id":"https:\/\/une.pe\/#organization","name":"Une Asesores Financieros","alternateName":"UNE","url":"https:\/\/une.pe\/","logo":{"@type":"ImageObject","inLanguage":"en-US","@id":"https:\/\/une.pe\/#\/schema\/logo\/image\/","url":"https:\/\/une.pe\/wp-content\/uploads\/2024\/05\/LOGO-1.svg","contentUrl":"https:\/\/une.pe\/wp-content\/uploads\/2024\/05\/LOGO-1.svg","width":159,"height":48,"caption":"Une Asesores Financieros"},"image":{"@id":"https:\/\/une.pe\/#\/schema\/logo\/image\/"},"sameAs":["https:\/\/www.linkedin.com\/company\/une-asesores-financieros\/"],"description":"Boutique de Banca de Inversi\u00f3n especializada en finanzas corporativas y gesti\u00f3n de patrimonios familiares.","email":"info@une.pe","telephone":"(+01) 396 7340"}]}},"_links":{"self":[{"href":"https:\/\/une.pe\/en\/wp-json\/wp\/v2\/pages\/3620","targetHints":{"allow":["GET"]}}],"collection":[{"href":"https:\/\/une.pe\/en\/wp-json\/wp\/v2\/pages"}],"about":[{"href":"https:\/\/une.pe\/en\/wp-json\/wp\/v2\/types\/page"}],"author":[{"embeddable":true,"href":"https:\/\/une.pe\/en\/wp-json\/wp\/v2\/users\/2"}],"replies":[{"embeddable":true,"href":"https:\/\/une.pe\/en\/wp-json\/wp\/v2\/comments?post=3620"}],"version-history":[{"count":4,"href":"https:\/\/une.pe\/en\/wp-json\/wp\/v2\/pages\/3620\/revisions"}],"predecessor-version":[{"id":3669,"href":"https:\/\/une.pe\/en\/wp-json\/wp\/v2\/pages\/3620\/revisions\/3669"}],"wp:attachment":[{"href":"https:\/\/une.pe\/en\/wp-json\/wp\/v2\/media?parent=3620"}],"curies":[{"name":"wp","href":"https:\/\/api.w.org\/{rel}","templated":true}]}}